{"id":142,"date":"2025-03-19T16:14:48","date_gmt":"2025-03-19T15:14:48","guid":{"rendered":"http:\/\/racketlonyonnais.fr\/?page_id=142"},"modified":"2025-07-02T10:45:44","modified_gmt":"2025-07-02T08:45:44","slug":"racketlon-yonnais-2","status":"publish","type":"page","link":"https:\/\/racketlonyonnais.fr\/?page_id=142","title":{"rendered":"Le Club"},"content":{"rendered":"\t\t<div data-elementor-type=\"wp-page\" data-elementor-id=\"142\" class=\"elementor elementor-142\">\n\t\t\t\t<div class=\"elementor-element elementor-element-deb5365 e-flex e-con-boxed e-con e-parent\" data-id=\"deb5365\" data-element_type=\"container\">\n\t\t\t\t\t<div class=\"e-con-inner\">\n\t\t\t\t<div class=\"elementor-element elementor-element-c327f28 elementor-widget__width-initial elementor-widget elementor-widget-text-editor\" data-id=\"c327f28\" data-element_type=\"widget\" data-widget_type=\"text-editor.default\">\n\t\t\t\t<div class=\"elementor-widget-container\">\n\t\t\t\t\t\t\t\t\t<p>Le club du Racketlon Yonnais a vu le jour en mai 2020\u00a0sur la ville de La Roche sur Yon. Il a \u00e9t\u00e9 cr\u00e9\u00e9 suite au succ\u00e8s des deux tournois organis\u00e9s en partenariat avec les clubs locaux de squash et de tennis. L&#8217;\u00e9dition 2020 \u00e9tant devenu le plus gros tournoi de France avec 138 participants. Pour sa premi\u00e8re saison le club comptait 17 licenci\u00e9s. Pour la saison 2022-2023, il comptait 20 adultes et 15 jeunes. Pour la saison 2023-2024, il comptait 71 licenci\u00e9s. Ensuite, le nombre de licenci\u00e9s a explos\u00e9 pour la saison 2024-2025 avec un record atteint \u00e0 97 adh\u00e9rents.\u00a0<\/p><p>Cette explosion du nombre de licenci\u00e9s est certainement d\u00fbe \u00e0 la section Pickleball qui est arriv\u00e9e la saison derni\u00e8re.\u00a0Notre section pickleball conna\u00eet un succ\u00e8s fulgurant ! Gr\u00e2ce \u00e0 notre encadrant certifi\u00e9 et \u00e0 nos cr\u00e9neaux r\u00e9guliers (jeudis soirs et un vendredi sur deux), nous comptons aujourd&#8217;hui 42 licenci\u00e9s. Le pickleball qui est un sport en plein essor en Vend\u00e9e, contribue grandement \u00e0 l&#8217;attractivit\u00e9 de notre club<\/p><p>Le club a \u00e9t\u00e9 cr\u00e9\u00e9 suite \u00e0 la demande de joueurs locaux qui ont particip\u00e9 aux tournois afin de leur permettre de s&#8217;entra\u00eener. La mairie de La Roche sur Yon a donc mis \u00e0 disposition de l&#8217;association des installations sportives pour pratiquer du tennis de table et du badminton. Les clubs locaux de squash et de tennis louent leurs terrains \u00e0 l&#8217;association.<\/p>\t\t\t\t\t\t\t\t<\/div>\n\t\t\t\t<\/div>\n\t\t\t\t<div class=\"elementor-element elementor-element-87237fb elementor-widget__width-initial elementor-widget elementor-widget-image\" data-id=\"87237fb\" data-element_type=\"widget\" data-widget_type=\"image.default\">\n\t\t\t\t<div class=\"elementor-widget-container\">\n\t\t\t\t\t\t\t\t\t\t\t\t\t\t\t<img fetchpriority=\"high\" decoding=\"async\" width=\"353\" height=\"706\" src=\"https:\/\/racketlonyonnais.fr\/wp-content\/uploads\/2025\/07\/frise-chronologique-racketlon.png\" class=\"attachment-large size-large wp-image-523\" alt=\"\" srcset=\"https:\/\/racketlonyonnais.fr\/wp-content\/uploads\/2025\/07\/frise-chronologique-racketlon.png 353w, https:\/\/racketlonyonnais.fr\/wp-content\/uploads\/2025\/07\/frise-chronologique-racketlon-150x300.png 150w\" sizes=\"100vw\" \/>\t\t\t\t\t\t\t\t\t\t\t\t\t\t\t<\/div>\n\t\t\t\t<\/div>\n\t\t\t\t\t<\/div>\n\t\t\t\t<\/div>\n\t\t\t\t<\/div>\n\t\t","protected":false},"excerpt":{"rendered":"<p>Le club du Racketlon Yonnais a vu le jour en mai 2020\u00a0sur la ville de La Roche sur Yon. Il a \u00e9t\u00e9 cr\u00e9\u00e9 suite au succ\u00e8s des deux tournois organis\u00e9s en partenariat avec les clubs locaux de squash et de tennis. L&#8217;\u00e9dition 2020 \u00e9tant devenu le plus gros tournoi de France avec 138 participants. Pour &hellip; <\/p>\n<p class=\"link-more\"><a href=\"https:\/\/racketlonyonnais.fr\/?page_id=142\" class=\"more-link\">Read more<span class=\"screen-reader-text\"> &#8220;Le Club&#8221;<\/span><\/a><\/p>\n","protected":false},"author":1,"featured_media":188,"parent":0,"menu_order":0,"comment_status":"closed","ping_status":"closed","template":"","meta":{"footnotes":""},"class_list":["post-142","page","type-page","status-publish","has-post-thumbnail","hentry"],"_links":{"self":[{"href":"https:\/\/racketlonyonnais.fr\/index.php?rest_route=\/wp\/v2\/pages\/142","targetHints":{"allow":["GET"]}}],"collection":[{"href":"https:\/\/racketlonyonnais.fr\/index.php?rest_route=\/wp\/v2\/pages"}],"about":[{"href":"https:\/\/racketlonyonnais.fr\/index.php?rest_route=\/wp\/v2\/types\/page"}],"author":[{"embeddable":true,"href":"https:\/\/racketlonyonnais.fr\/index.php?rest_route=\/wp\/v2\/users\/1"}],"replies":[{"embeddable":true,"href":"https:\/\/racketlonyonnais.fr\/index.php?rest_route=%2Fwp%2Fv2%2Fcomments&post=142"}],"version-history":[{"count":20,"href":"https:\/\/racketlonyonnais.fr\/index.php?rest_route=\/wp\/v2\/pages\/142\/revisions"}],"predecessor-version":[{"id":526,"href":"https:\/\/racketlonyonnais.fr\/index.php?rest_route=\/wp\/v2\/pages\/142\/revisions\/526"}],"wp:featuredmedia":[{"embeddable":true,"href":"https:\/\/racketlonyonnais.fr\/index.php?rest_route=\/wp\/v2\/media\/188"}],"wp:attachment":[{"href":"https:\/\/racketlonyonnais.fr\/index.php?rest_route=%2Fwp%2Fv2%2Fmedia&parent=142"}],"curies":[{"name":"wp","href":"https:\/\/api.w.org\/{rel}","templated":true}]}}