{"id":163,"date":"2025-03-19T16:22:00","date_gmt":"2025-03-19T15:22:00","guid":{"rendered":"http:\/\/racketlonyonnais.fr\/?page_id=163"},"modified":"2025-05-21T19:01:27","modified_gmt":"2025-05-21T17:01:27","slug":"entrainement","status":"publish","type":"page","link":"https:\/\/racketlonyonnais.fr\/?page_id=163","title":{"rendered":"Entra\u00eenement"},"content":{"rendered":"\t\t<div data-elementor-type=\"wp-page\" data-elementor-id=\"163\" class=\"elementor elementor-163\">\n\t\t\t\t<div class=\"elementor-element elementor-element-869419f e-flex e-con-boxed e-con e-parent\" data-id=\"869419f\" data-element_type=\"container\">\n\t\t\t\t\t<div class=\"e-con-inner\">\n\t\t\t\t<div class=\"elementor-element elementor-element-83d809d elementor-widget elementor-widget-heading\" data-id=\"83d809d\" data-element_type=\"widget\" data-settings=\"{&quot;_animation&quot;:&quot;none&quot;}\" data-widget_type=\"heading.default\">\n\t\t\t\t<div class=\"elementor-widget-container\">\n\t\t\t\t\t<h2 class=\"elementor-heading-title elementor-size-default\"><a href=\"http:\/\/racketlonyonnais.fr\/?page_id=61\">&gt; Nos salles d'entra\u00eenement &lt;<\/a><\/h2>\t\t\t\t<\/div>\n\t\t\t\t<\/div>\n\t\t\t\t<div class=\"elementor-element elementor-element-33b9069 elementor-widget elementor-widget-heading\" data-id=\"33b9069\" data-element_type=\"widget\" data-settings=\"{&quot;_animation&quot;:&quot;none&quot;}\" data-widget_type=\"heading.default\">\n\t\t\t\t<div class=\"elementor-widget-container\">\n\t\t\t\t\t<h2 class=\"elementor-heading-title elementor-size-default\"><a href=\"http:\/\/racketlonyonnais.fr\/?page_id=73\">&gt; Entra<span style=\"font-size: 1.875rem\">\u00ee<\/span><span style=\"font-size: 1.875rem\">nement adulte &lt;<\/span><\/a><\/h2>\t\t\t\t<\/div>\n\t\t\t\t<\/div>\n\t\t\t\t<div class=\"elementor-element elementor-element-d5170c9 elementor-widget elementor-widget-heading\" data-id=\"d5170c9\" data-element_type=\"widget\" data-settings=\"{&quot;_animation&quot;:&quot;none&quot;}\" data-widget_type=\"heading.default\">\n\t\t\t\t<div class=\"elementor-widget-container\">\n\t\t\t\t\t<h2 class=\"elementor-heading-title elementor-size-default\"><a href=\"http:\/\/racketlonyonnais.fr\/?page_id=67\">&gt; <span style=\"font-size: 1.875rem\">Entra<\/span><span style=\"font-size: 1.875rem\">\u00ee<\/span><span style=\"font-size: 1.875rem\">nement jeune<\/span><span style=\"font-size: 1.875rem\"> &lt;<\/span><\/a><\/h2>\t\t\t\t<\/div>\n\t\t\t\t<\/div>\n\t\t\t\t\t<\/div>\n\t\t\t\t<\/div>\n\t\t\t\t<\/div>\n\t\t","protected":false},"excerpt":{"rendered":"<p>&gt; Nos salles d&#8217;entra\u00eenement &lt; &gt; Entra\u00eenement adulte &lt; &gt; Entra\u00eenement jeune &lt;<\/p>\n","protected":false},"author":1,"featured_media":0,"parent":0,"menu_order":0,"comment_status":"closed","ping_status":"closed","template":"","meta":{"footnotes":""},"class_list":["post-163","page","type-page","status-publish","hentry"],"_links":{"self":[{"href":"https:\/\/racketlonyonnais.fr\/index.php?rest_route=\/wp\/v2\/pages\/163","targetHints":{"allow":["GET"]}}],"collection":[{"href":"https:\/\/racketlonyonnais.fr\/index.php?rest_route=\/wp\/v2\/pages"}],"about":[{"href":"https:\/\/racketlonyonnais.fr\/index.php?rest_route=\/wp\/v2\/types\/page"}],"author":[{"embeddable":true,"href":"https:\/\/racketlonyonnais.fr\/index.php?rest_route=\/wp\/v2\/users\/1"}],"replies":[{"embeddable":true,"href":"https:\/\/racketlonyonnais.fr\/index.php?rest_route=%2Fwp%2Fv2%2Fcomments&post=163"}],"version-history":[{"count":8,"href":"https:\/\/racketlonyonnais.fr\/index.php?rest_route=\/wp\/v2\/pages\/163\/revisions"}],"predecessor-version":[{"id":343,"href":"https:\/\/racketlonyonnais.fr\/index.php?rest_route=\/wp\/v2\/pages\/163\/revisions\/343"}],"wp:attachment":[{"href":"https:\/\/racketlonyonnais.fr\/index.php?rest_route=%2Fwp%2Fv2%2Fmedia&parent=163"}],"curies":[{"name":"wp","href":"https:\/\/api.w.org\/{rel}","templated":true}]}}