{"id":284,"date":"2025-04-02T16:36:29","date_gmt":"2025-04-02T14:36:29","guid":{"rendered":"http:\/\/racketlonyonnais.fr\/?page_id=284"},"modified":"2025-06-02T17:50:37","modified_gmt":"2025-06-02T15:50:37","slug":"entrainement-pickleball","status":"publish","type":"page","link":"https:\/\/racketlonyonnais.fr\/?page_id=284","title":{"rendered":"Entra\u00eenement Pickleball"},"content":{"rendered":"\t\t<div data-elementor-type=\"wp-page\" data-elementor-id=\"284\" class=\"elementor elementor-284\">\n\t\t\t\t<div class=\"elementor-element elementor-element-609a0fc e-flex e-con-boxed e-con e-parent\" data-id=\"609a0fc\" data-element_type=\"container\">\n\t\t\t\t\t<div class=\"e-con-inner\">\n\t\t\t\t<div class=\"elementor-element elementor-element-a82a531 elementor-widget elementor-widget-text-editor\" data-id=\"a82a531\" data-element_type=\"widget\" data-widget_type=\"text-editor.default\">\n\t\t\t\t<div class=\"elementor-widget-container\">\n\t\t\t\t\t\t\t\t\t<p><strong>Pr\u00e9sentation de la Section Pickleball du Racketlon Yonnais <\/strong><\/p><p>La section Pickleball du Racketlon Yonnais a vu le jour en mars 2024, \u00e0 l\u2019initiative de deux passionn\u00e9s souhaitant d\u00e9velopper cette discipline au sein du club. Aujourd\u2019hui, cette section est dirig\u00e9e par :<\/p><ul><li><strong>Philippe Machenaud<\/strong>, animateur des s\u00e9ances<\/li><li><strong>David Phelippeau<\/strong>, r\u00e9f\u00e9rent Pickleball au sein du bureau<\/li><\/ul><p><strong>\ud83d\udce2 Un d\u00e9veloppement rapide et structur\u00e9 <\/strong><\/p><table><tbody><tr><td width=\"37\">\u00a0<\/td><\/tr><tr><td>\u00a0<\/td><td>\u00a0<\/td><\/tr><\/tbody><\/table><p><br \/>D\u00e8s son lancement, plusieurs initiations ont \u00e9t\u00e9 organis\u00e9es :<br \/>\u2705 Une premi\u00e8re s\u00e9ance ouverte \u00e0 tous, permettant aux curieux de d\u00e9couvrir le sport et d\u2019envisager une inscription.<\/p><p>[Lien vers la vid\u00e9o de la ville]<\/p><table><tbody><tr><td width=\"40\">\u00a0<\/td><\/tr><tr><td>\u00a0<\/td><td>\u00a0<\/td><\/tr><\/tbody><\/table><p><br \/><br \/>\u2705 Une large communication dans la presse et sur les r\u00e9seaux sociaux pour attirer de nouveaux adh\u00e9rents.<\/p><p>[Lien vers l\u2019article Ouest France]<\/p><p><strong>Un succ\u00e8s imm\u00e9diat !<\/strong><br \/>\u27a1\ufe0f <strong>Fin de saison 2023-2024 : <\/strong>21 adh\u00e9rents inscrits en seulement quelques mois.<\/p><p><strong>\ud83d\ude80 Une croissance impressionnante en 2024-2025 <\/strong><\/p><ul><li>En septembre 2024, nous avons particip\u00e9 \u00e0 la &#8220;Faites du Sport&#8221; organis\u00e9e par la ville de La Roche-sur-Yon sur la Place Napol\u00e9on, \u00e9v\u00e9nement qui nous a permis d\u2019attirer de nouveaux membres.<\/li><li>Le bouche-\u00e0-oreille a \u00e9galement jou\u00e9 un r\u00f4le cl\u00e9, contribuant fortement \u00e0 l\u2019essor de la section.<\/li><\/ul><p>\ud83d\udcca <strong>Aujourd\u2019hui, la section compte 44 adh\u00e9rents !<\/strong><br \/>Un chiffre cons\u00e9quent qui nous oblige \u00e0 limiter les inscriptions cette saison, compte tenu des cr\u00e9neaux et des infrastructures disponibles.<\/p><p><br \/>\u27a1\ufe0f Nous travaillons actuellement pour obtenir de nouveaux cr\u00e9neaux et ainsi accueillir davantage de pratiquants dans les meilleures conditions.<\/p><p><strong>\u00a0<\/strong><\/p><p>\ud83c\udfc5 Depuis peu, nous sommes affili\u00e9s \u00e0 la<strong> F\u00e9d\u00e9ration Fran\u00e7aise de Tennis (FFT)<\/strong>, ce qui offre plusieurs avantages aux adh\u00e9rents :<\/p><ul><li>Possibilit\u00e9 de participer \u00e0 des comp\u00e9titions officielles dans toute la France<\/li><li>Obtention d\u2019un classement en fonction des performances<\/li><li>B\u00e9n\u00e9fices li\u00e9s \u00e0 la licence FFT<\/li><\/ul><table><tbody><tr><td width=\"46\">\u00a0<\/td><\/tr><tr><td>\u00a0<\/td><td>\u00a0<\/td><\/tr><\/tbody><\/table><p><br \/><strong>Les comp\u00e9titions locales : un premier pas vers l\u2019exp\u00e9rience en tournoi\u00a0: <\/strong><br \/>De nombreux adh\u00e9rents ont d\u00e9j\u00e0 particip\u00e9 \u00e0 des tournois amicaux organis\u00e9s dans des clubs environnants (Palluau, Vair\u00e9, etc.). Ces \u00e9v\u00e9nements, bien que non homologu\u00e9s, permettent de se confronter \u00e0 d\u2019autres joueurs.<\/p><p><strong>\u00a0<\/strong><\/p><p><strong>\ud83e\udd1d Une section o\u00f9 il fait bon jouer !<\/strong><\/p><p>Au-del\u00e0 du jeu, la section Pickleball du Racketlon Yonnais est avant tout un groupe convivial. Nous essayons d\u2019organiser r\u00e9guli\u00e8rement des moments de partage, d\u00e8s que l\u2019occasion se pr\u00e9sente, pour renforcer l\u2019esprit d\u2019\u00e9quipe et profiter ensemble de ce sport passionnant.<\/p><p>\u00a0<\/p>\t\t\t\t\t\t\t\t<\/div>\n\t\t\t\t<\/div>\n\t\t\t\t\t<\/div>\n\t\t\t\t<\/div>\n\t\t\t\t<\/div>\n\t\t","protected":false},"excerpt":{"rendered":"<p>Pr\u00e9sentation de la Section Pickleball du Racketlon Yonnais La section Pickleball du Racketlon Yonnais a vu le jour en mars 2024, \u00e0 l\u2019initiative de deux passionn\u00e9s souhaitant d\u00e9velopper cette discipline au sein du club. Aujourd\u2019hui, cette section est dirig\u00e9e par : Philippe Machenaud, animateur des s\u00e9ances David Phelippeau, r\u00e9f\u00e9rent Pickleball au sein du bureau \ud83d\udce2 &hellip; <\/p>\n<p class=\"link-more\"><a href=\"https:\/\/racketlonyonnais.fr\/?page_id=284\" class=\"more-link\">Read more<span class=\"screen-reader-text\"> &#8220;Entra\u00eenement Pickleball&#8221;<\/span><\/a><\/p>\n","protected":false},"author":1,"featured_media":0,"parent":0,"menu_order":0,"comment_status":"closed","ping_status":"closed","template":"","meta":{"footnotes":""},"class_list":["post-284","page","type-page","status-publish","hentry"],"_links":{"self":[{"href":"https:\/\/racketlonyonnais.fr\/index.php?rest_route=\/wp\/v2\/pages\/284","targetHints":{"allow":["GET"]}}],"collection":[{"href":"https:\/\/racketlonyonnais.fr\/index.php?rest_route=\/wp\/v2\/pages"}],"about":[{"href":"https:\/\/racketlonyonnais.fr\/index.php?rest_route=\/wp\/v2\/types\/page"}],"author":[{"embeddable":true,"href":"https:\/\/racketlonyonnais.fr\/index.php?rest_route=\/wp\/v2\/users\/1"}],"replies":[{"embeddable":true,"href":"https:\/\/racketlonyonnais.fr\/index.php?rest_route=%2Fwp%2Fv2%2Fcomments&post=284"}],"version-history":[{"count":5,"href":"https:\/\/racketlonyonnais.fr\/index.php?rest_route=\/wp\/v2\/pages\/284\/revisions"}],"predecessor-version":[{"id":412,"href":"https:\/\/racketlonyonnais.fr\/index.php?rest_route=\/wp\/v2\/pages\/284\/revisions\/412"}],"wp:attachment":[{"href":"https:\/\/racketlonyonnais.fr\/index.php?rest_route=%2Fwp%2Fv2%2Fmedia&parent=284"}],"curies":[{"name":"wp","href":"https:\/\/api.w.org\/{rel}","templated":true}]}}