{"id":287,"date":"2025-04-02T16:36:49","date_gmt":"2025-04-02T14:36:49","guid":{"rendered":"http:\/\/racketlonyonnais.fr\/?page_id=287"},"modified":"2025-06-02T17:51:53","modified_gmt":"2025-06-02T15:51:53","slug":"licence-pickleball","status":"publish","type":"page","link":"https:\/\/racketlonyonnais.fr\/?page_id=287","title":{"rendered":"Licence Pickleball"},"content":{"rendered":"\t\t<div data-elementor-type=\"wp-page\" data-elementor-id=\"287\" class=\"elementor elementor-287\">\n\t\t\t\t<div class=\"elementor-element elementor-element-9e0fcad e-flex e-con-boxed e-con e-parent\" data-id=\"9e0fcad\" data-element_type=\"container\">\n\t\t\t\t\t<div class=\"e-con-inner\">\n\t\t\t\t<div class=\"elementor-element elementor-element-8ca5e66 elementor-widget elementor-widget-text-editor\" data-id=\"8ca5e66\" data-element_type=\"widget\" data-widget_type=\"text-editor.default\">\n\t\t\t\t<div class=\"elementor-widget-container\">\n\t\t\t\t\t\t\t\t\t<p><strong>Licence Pickleball au Racketlon Yonnais <\/strong><\/p><p>Le Racketlon Yonnais propose d\u00e9sormais une section Pickleball, un sport de raquette dynamique et accessible \u00e0 tous !<\/p><p><strong>\ud83d\udcb3 Adh\u00e9sion Pickleball<\/strong><\/p><p>\ud83d\udccc <strong>Tarif : <\/strong>100\u20ac pour la saison<\/p><p>\u2705 <strong>Ce que comprend votre cotisation :<\/strong><\/p><p>\ud83d\udd39 <strong>Entra\u00eenements encadr\u00e9s :<\/strong><\/p><ul><li><strong>Tous les jeudis | 18h00 &#8211; 20h00<\/strong> \ud83c\udfd3 \u00e0 la Salle Philibert Pel\u00e9<\/li><li><strong>Un vendredi sur deux | 19h00 &#8211; 20h30<\/strong> \ud83c\udfd3<\/li><\/ul><ul><li>Un animateur est pr\u00e9sent \u00e0 chaque s\u00e9ance pour diriger l\u2019entra\u00eenement et proposer des exercices adapt\u00e9s \u00e0 tous les niveaux.<\/li><\/ul><p><strong>\u26d4 Informations importantes : <\/strong>Planning des s\u00e9ances<\/p><p>\u26a0 <strong>Salle de repli pour le football<\/strong><br \/>Cette ann\u00e9e, la Salle Philibert Pel\u00e9 est une salle de repli pour les clubs de football de La Roche-sur-Yon en cas d\u2019arr\u00eat\u00e9 municipal sur les terrains ext\u00e9rieurs.<br \/>\u27a1\ufe0f Les s\u00e9ances peuvent \u00eatre d\u00e9localis\u00e9es ou report\u00e9es selon les disponibilit\u00e9s d\u2019autres cr\u00e9neaux ou durant les vacances scolaires.<\/p>\t\t\t\t\t\t\t\t<\/div>\n\t\t\t\t<\/div>\n\t\t\t\t\t<\/div>\n\t\t\t\t<\/div>\n\t\t\t\t<\/div>\n\t\t","protected":false},"excerpt":{"rendered":"<p>Licence Pickleball au Racketlon Yonnais Le Racketlon Yonnais propose d\u00e9sormais une section Pickleball, un sport de raquette dynamique et accessible \u00e0 tous ! \ud83d\udcb3 Adh\u00e9sion Pickleball \ud83d\udccc Tarif : 100\u20ac pour la saison \u2705 Ce que comprend votre cotisation : \ud83d\udd39 Entra\u00eenements encadr\u00e9s : Tous les jeudis | 18h00 &#8211; 20h00 \ud83c\udfd3 \u00e0 la Salle &hellip; <\/p>\n<p class=\"link-more\"><a href=\"https:\/\/racketlonyonnais.fr\/?page_id=287\" class=\"more-link\">Read more<span class=\"screen-reader-text\"> &#8220;Licence Pickleball&#8221;<\/span><\/a><\/p>\n","protected":false},"author":1,"featured_media":0,"parent":0,"menu_order":0,"comment_status":"closed","ping_status":"closed","template":"","meta":{"footnotes":""},"class_list":["post-287","page","type-page","status-publish","hentry"],"_links":{"self":[{"href":"https:\/\/racketlonyonnais.fr\/index.php?rest_route=\/wp\/v2\/pages\/287","targetHints":{"allow":["GET"]}}],"collection":[{"href":"https:\/\/racketlonyonnais.fr\/index.php?rest_route=\/wp\/v2\/pages"}],"about":[{"href":"https:\/\/racketlonyonnais.fr\/index.php?rest_route=\/wp\/v2\/types\/page"}],"author":[{"embeddable":true,"href":"https:\/\/racketlonyonnais.fr\/index.php?rest_route=\/wp\/v2\/users\/1"}],"replies":[{"embeddable":true,"href":"https:\/\/racketlonyonnais.fr\/index.php?rest_route=%2Fwp%2Fv2%2Fcomments&post=287"}],"version-history":[{"count":4,"href":"https:\/\/racketlonyonnais.fr\/index.php?rest_route=\/wp\/v2\/pages\/287\/revisions"}],"predecessor-version":[{"id":415,"href":"https:\/\/racketlonyonnais.fr\/index.php?rest_route=\/wp\/v2\/pages\/287\/revisions\/415"}],"wp:attachment":[{"href":"https:\/\/racketlonyonnais.fr\/index.php?rest_route=%2Fwp%2Fv2%2Fmedia&parent=287"}],"curies":[{"name":"wp","href":"https:\/\/api.w.org\/{rel}","templated":true}]}}