{"id":61,"date":"2025-03-19T15:56:52","date_gmt":"2025-03-19T14:56:52","guid":{"rendered":"http:\/\/racketlonyonnais.fr\/?page_id=61"},"modified":"2025-06-02T17:20:48","modified_gmt":"2025-06-02T15:20:48","slug":"ou","status":"publish","type":"page","link":"https:\/\/racketlonyonnais.fr\/?page_id=61","title":{"rendered":"Nos salles d&#8217;entra\u00eenement"},"content":{"rendered":"\t\t<div data-elementor-type=\"wp-page\" data-elementor-id=\"61\" class=\"elementor elementor-61\">\n\t\t\t\t<div class=\"elementor-element elementor-element-09afbc5 e-flex e-con-boxed e-con e-parent\" data-id=\"09afbc5\" data-element_type=\"container\">\n\t\t\t\t\t<div class=\"e-con-inner\">\n\t\t\t\t<div class=\"elementor-element elementor-element-cd63244 elementor-widget elementor-widget-text-editor\" data-id=\"cd63244\" data-element_type=\"widget\" data-widget_type=\"text-editor.default\">\n\t\t\t\t<div class=\"elementor-widget-container\">\n\t\t\t\t\t\t\t\t\t<p><b><span style=\"font-family: 'Segoe UI Emoji',sans-serif; mso-bidi-font-family: 'Segoe UI Emoji';\">\ud83d\udccd<\/span> Localisation du Racketlon Yonnais<\/b><\/p><p>Le <b>Racketlon Yonnais<\/b> est bas\u00e9 au c\u0153ur des <b>Terres Noires<\/b>, un complexe sportif id\u00e9alement situ\u00e9 \u00e0 La Roche-sur-Yon. Cet emplacement nous permet de pratiquer les <b>quatre sports de raquette<\/b> qui composent le Racketlon : <b>tennis, badminton, tennis de table et squash<\/b>.<\/p><p><b><span style=\"font-family: 'Segoe UI Emoji',sans-serif; mso-bidi-font-family: 'Segoe UI Emoji';\">\ud83c\udfdf\ufe0f<\/span> Nos infrastructures sportives<\/b><\/p><p><!-- [if gte vml 1]><v:shapetype id=\"_x0000_t75\" coordsize=\"21600,21600\" o:spt=\"75\" o:preferrelative=\"t\" path=\"m@4@5l@4@11@9@11@9@5xe\" filled=\"f\" stroked=\"f\"><br \/><v:stroke joinstyle=\"miter\"\/><br \/><v:formulas><br \/><v:f eqn=\"if lineDrawn pixelLineWidth 0\"\/><br \/><v:f eqn=\"sum @0 1 0\"\/><br \/><v:f eqn=\"sum 0 0 @1\"\/><br \/><v:f eqn=\"prod @2 1 2\"\/><br \/><v:f eqn=\"prod @3 21600 pixelWidth\"\/><br \/><v:f eqn=\"prod @3 21600 pixelHeight\"\/><br \/><v:f eqn=\"sum @0 0 1\"\/><br \/><v:f eqn=\"prod @6 1 2\"\/><br \/><v:f eqn=\"prod @7 21600 pixelWidth\"\/><br \/><v:f eqn=\"sum @8 21600 0\"\/><br \/><v:f eqn=\"prod @7 21600 pixelHeight\"\/><br \/><v:f eqn=\"sum @10 21600 0\"\/><br \/><\/v:formulas><br \/><v:path o:extrusionok=\"f\" gradientshapeok=\"t\" o:connecttype=\"rect\"\/><br \/><o:lock v:ext=\"edit\" aspectratio=\"t\"\/><br \/><\/v:shapetype><v:shape id=\"Image_x0020_1\" o:spid=\"_x0000_s1029\" type=\"#_x0000_t75\" style='position:absolute;margin-left:294.1pt;margin-top:.25pt;width:221pt; height:149.15pt;z-index:251658240;visibility:visible;mso-wrap-style:square; mso-width-percent:0;mso-height-percent:0;mso-wrap-distance-left:9pt; mso-wrap-distance-top:0;mso-wrap-distance-right:9pt; mso-wrap-distance-bottom:0;mso-position-horizontal:absolute; mso-position-horizontal-relative:text;mso-position-vertical:absolute; mso-position-vertical-relative:text;mso-width-percent:0;mso-height-percent:0; mso-width-relative:margin;mso-height-relative:margin'><br \/><v:imagedata src=\"file:\/\/\/C:\/Users\/JEUNE2~1\/AppData\/Local\/Temp\/msohtmlclip1\/01\/clip_image001.jpg\" o:title=\"\"\/><br \/><w:wrap type=\"square\"\/><br \/><\/v:shape><![endif]--><!-- [if !vml]--><b>Salle Philibert Pel\u00e9 <\/b><b><span style=\"font-family: 'Segoe UI Emoji',sans-serif; mso-bidi-font-family: 'Segoe UI Emoji';\">\ud83c\udff8\ud83c\udfbe<img fetchpriority=\"high\" decoding=\"async\" class=\"size-medium wp-image-382 alignright\" src=\"http:\/\/racketlonyonnais.fr\/wp-content\/uploads\/2025\/06\/salle-pele-300x202.jpg\" alt=\"\" width=\"300\" height=\"202\" srcset=\"https:\/\/racketlonyonnais.fr\/wp-content\/uploads\/2025\/06\/salle-pele-300x202.jpg 300w, https:\/\/racketlonyonnais.fr\/wp-content\/uploads\/2025\/06\/salle-pele.jpg 675w\" sizes=\"(max-width: 300px) 100vw, 300px\" \/><\/span><\/b><\/p><p>La Ville de La Roche-sur-Yon met \u00e0 notre disposition la salle Philibert Pel\u00e9, un espace modulable o\u00f9 nous pouvons installer :<br \/><span style=\"font-family: 'Segoe UI Emoji',sans-serif; mso-bidi-font-family: 'Segoe UI Emoji';\">\u2705<\/span> <b>8 terrains de badminton<\/b> <span style=\"font-family: 'Segoe UI Emoji',sans-serif; mso-bidi-font-family: 'Segoe UI Emoji';\">\ud83c\udff8<\/span><br \/><span style=\"font-family: 'Segoe UI Emoji',sans-serif; mso-bidi-font-family: 'Segoe UI Emoji';\">\u2705<\/span> <b>2 terrains de tennis<\/b> <span style=\"font-family: 'Segoe UI Emoji',sans-serif; mso-bidi-font-family: 'Segoe UI Emoji';\">\ud83c\udfbe<\/span><\/p><p><!-- [if gte vml 1]><v:shape id=\"Image_x0020_3\" o:spid=\"_x0000_s1028\" type=\"#_x0000_t75\" style='position:absolute;margin-left:85.6pt;margin-top:24.8pt; width:136.8pt;height:102.25pt;z-index:251660288;visibility:visible; mso-wrap-style:square;mso-wrap-distance-left:9pt;mso-wrap-distance-top:0; mso-wrap-distance-right:9pt;mso-wrap-distance-bottom:0; mso-position-horizontal:right;mso-position-horizontal-relative:margin; mso-position-vertical:absolute;mso-position-vertical-relative:text'><br \/><v:imagedata src=\"file:\/\/\/C:\/Users\/JEUNE2~1\/AppData\/Local\/Temp\/msohtmlclip1\/01\/clip_image003.png\" o:title=\"\"\/><br \/><w:wrap type=\"square\" anchorx=\"margin\"\/><br \/><\/v:shape><![endif]--><!-- [if !vml]-->Cet espace nous permet d\u2019accueillir des entra\u00eenements, des rencontres amicales et des comp\u00e9titions dans des conditions optimales.<\/p><p><b>Salle de Tennis de Table <\/b><b><span style=\"font-family: 'Segoe UI Emoji',sans-serif; mso-bidi-font-family: 'Segoe UI Emoji';\">\ud83c\udfd3<\/span><\/b><\/p><p>En compl\u00e9ment, nous avons acc\u00e8s \u00e0 la salle de tennis de table municipale, parfaitement \u00e9quip\u00e9e pour la pratique intensive de ce sport.\u00a0<img decoding=\"async\" class=\"size-full wp-image-383 alignleft\" src=\"http:\/\/racketlonyonnais.fr\/wp-content\/uploads\/2025\/06\/salle-ping.png\" alt=\"\" width=\"285\" height=\"213\" \/><\/p><p><b>\u00a0<\/b><\/p><p><b>\u00a0<\/b><\/p><p><b>\u00a0<\/b><\/p><p><b>\u00a0<\/b><\/p><p><b>Acc\u00e8s aux terrains de Tennis et de Squash <\/b><b><span style=\"font-family: 'Segoe UI Emoji',sans-serif; mso-bidi-font-family: 'Segoe UI Emoji';\">\ud83c\udfbe\ud83c\udfcb\ufe0f<\/span><\/b><\/p><p><img decoding=\"async\" class=\"alignnone size-medium wp-image-384\" src=\"http:\/\/racketlonyonnais.fr\/wp-content\/uploads\/2025\/06\/terrain-squash-300x200.png\" alt=\"\" width=\"300\" height=\"200\" srcset=\"https:\/\/racketlonyonnais.fr\/wp-content\/uploads\/2025\/06\/terrain-squash-300x200.png 300w, https:\/\/racketlonyonnais.fr\/wp-content\/uploads\/2025\/06\/terrain-squash.png 332w\" sizes=\"(max-width: 300px) 100vw, 300px\" \/><img loading=\"lazy\" decoding=\"async\" class=\"size-medium wp-image-385 alignright\" src=\"http:\/\/racketlonyonnais.fr\/wp-content\/uploads\/2025\/06\/terrain-tennis-300x290.png\" alt=\"\" width=\"300\" height=\"290\" srcset=\"https:\/\/racketlonyonnais.fr\/wp-content\/uploads\/2025\/06\/terrain-tennis-300x290.png 300w, https:\/\/racketlonyonnais.fr\/wp-content\/uploads\/2025\/06\/terrain-tennis.png 317w\" sizes=\"(max-width: 300px) 100vw, 300px\" \/><\/p><p>Gr\u00e2ce \u00e0 une convention \u00e9tablie avec le Tennis Entente Yonnaise et le Squash Yonnais, nos adh\u00e9rents peuvent \u00e9galement b\u00e9n\u00e9ficier de leurs installations pour compl\u00e9ter leur entra\u00eenement.<\/p><p><!-- [if gte vml 1]><v:shape id=\"Image_x0020_2\" o:spid=\"_x0000_s1027\" type=\"#_x0000_t75\" style='position:absolute;margin-left:223.3pt;margin-top:34.7pt; width:152.15pt;height:146.9pt;z-index:251659264;visibility:visible; mso-wrap-style:square;mso-wrap-distance-left:9pt;mso-wrap-distance-top:0; mso-wrap-distance-right:9pt;mso-wrap-distance-bottom:0; mso-position-horizontal:absolute;mso-position-horizontal-relative:text; mso-position-vertical:absolute;mso-position-vertical-relative:text'><br \/><v:imagedata src=\"file:\/\/\/C:\/Users\/JEUNE2~1\/AppData\/Local\/Temp\/msohtmlclip1\/01\/clip_image005.png\" o:title=\"\"\/><br \/><w:wrap type=\"square\"\/><br \/><\/v:shape><![endif]--><!-- [if !vml]--><\/p><p><b><span style=\"font-family: 'Segoe UI Emoji',sans-serif; mso-bidi-font-family: 'Segoe UI Emoji';\">\ud83d\udccd<\/span> Notre bureau mutualis\u00e9<\/b><\/p><p>Le bureau du Racketlon Yonnais est partag\u00e9 avec le Squash Yonnais. Cet espace nous permet de :<br \/><span style=\"font-family: 'Segoe UI Emoji',sans-serif; mso-bidi-font-family: 'Segoe UI Emoji';\">\u2705<\/span> Organiser nos r\u00e9unions <span style=\"font-family: 'Segoe UI Emoji',sans-serif; mso-bidi-font-family: 'Segoe UI Emoji';\">\ud83d\udcc5<\/span><br \/><span style=\"font-family: 'Segoe UI Emoji',sans-serif; mso-bidi-font-family: 'Segoe UI Emoji';\">\u2705<\/span> Travailler sur le d\u00e9veloppement du club <span style=\"font-family: 'Segoe UI Emoji',sans-serif; mso-bidi-font-family: 'Segoe UI Emoji';\">\ud83d\udcbc<\/span><br \/><span style=\"font-family: 'Segoe UI Emoji',sans-serif; mso-bidi-font-family: 'Segoe UI Emoji';\">\u2705<\/span> Stocker du mat\u00e9riel<span style=\"font-family: 'Segoe UI Emoji',sans-serif; mso-bidi-font-family: 'Segoe UI Emoji';\">\ud83c\udf92<\/span><\/p><p><b><span style=\"font-family: 'Segoe UI Emoji',sans-serif; mso-bidi-font-family: 'Segoe UI Emoji';\">\ud83d\udccc<\/span> Venir au club<\/b><\/p><p><span style=\"font-family: 'Segoe UI Emoji',sans-serif; mso-bidi-font-family: 'Segoe UI Emoji';\">\ud83d\udccd<\/span> <b>Adresse :<\/b> Complexe sportif des Terres Noires, La Roche-sur-Yon<br \/><span style=\"font-family: 'Segoe UI Emoji',sans-serif; mso-bidi-font-family: 'Segoe UI Emoji';\">\ud83d\ude97<\/span> <b>Acc\u00e8s :<\/b> Parking disponible sur place<br \/><span style=\"font-family: 'Segoe UI Emoji',sans-serif; mso-bidi-font-family: 'Segoe UI Emoji';\">\ud83d\ude8c<\/span> <b>Transports en commun :<\/b> Arr\u00eat de bus \u00e0 proximit\u00e9<\/p>\t\t\t\t\t\t\t\t<\/div>\n\t\t\t\t<\/div>\n\t\t\t\t\t<\/div>\n\t\t\t\t<\/div>\n\t\t\t\t<\/div>\n\t\t","protected":false},"excerpt":{"rendered":"<p>\ud83d\udccd Localisation du Racketlon Yonnais Le Racketlon Yonnais est bas\u00e9 au c\u0153ur des Terres Noires, un complexe sportif id\u00e9alement situ\u00e9 \u00e0 La Roche-sur-Yon. Cet emplacement nous permet de pratiquer les quatre sports de raquette qui composent le Racketlon : tennis, badminton, tennis de table et squash. \ud83c\udfdf\ufe0f Nos infrastructures sportives Salle Philibert Pel\u00e9 \ud83c\udff8\ud83c\udfbe La &hellip; <\/p>\n<p class=\"link-more\"><a href=\"https:\/\/racketlonyonnais.fr\/?page_id=61\" class=\"more-link\">Read more<span class=\"screen-reader-text\"> &#8220;Nos salles d&#8217;entra\u00eenement&#8221;<\/span><\/a><\/p>\n","protected":false},"author":1,"featured_media":0,"parent":0,"menu_order":0,"comment_status":"closed","ping_status":"closed","template":"","meta":{"footnotes":""},"class_list":["post-61","page","type-page","status-publish","hentry"],"_links":{"self":[{"href":"https:\/\/racketlonyonnais.fr\/index.php?rest_route=\/wp\/v2\/pages\/61","targetHints":{"allow":["GET"]}}],"collection":[{"href":"https:\/\/racketlonyonnais.fr\/index.php?rest_route=\/wp\/v2\/pages"}],"about":[{"href":"https:\/\/racketlonyonnais.fr\/index.php?rest_route=\/wp\/v2\/types\/page"}],"author":[{"embeddable":true,"href":"https:\/\/racketlonyonnais.fr\/index.php?rest_route=\/wp\/v2\/users\/1"}],"replies":[{"embeddable":true,"href":"https:\/\/racketlonyonnais.fr\/index.php?rest_route=%2Fwp%2Fv2%2Fcomments&post=61"}],"version-history":[{"count":8,"href":"https:\/\/racketlonyonnais.fr\/index.php?rest_route=\/wp\/v2\/pages\/61\/revisions"}],"predecessor-version":[{"id":392,"href":"https:\/\/racketlonyonnais.fr\/index.php?rest_route=\/wp\/v2\/pages\/61\/revisions\/392"}],"wp:attachment":[{"href":"https:\/\/racketlonyonnais.fr\/index.php?rest_route=%2Fwp%2Fv2%2Fmedia&parent=61"}],"curies":[{"name":"wp","href":"https:\/\/api.w.org\/{rel}","templated":true}]}}