{"id":66,"date":"2025-03-19T15:57:32","date_gmt":"2025-03-19T14:57:32","guid":{"rendered":"http:\/\/racketlonyonnais.fr\/?page_id=66"},"modified":"2025-06-02T17:47:32","modified_gmt":"2025-06-02T15:47:32","slug":"licences-adultes","status":"publish","type":"page","link":"https:\/\/racketlonyonnais.fr\/?page_id=66","title":{"rendered":"Licences adultes"},"content":{"rendered":"\t\t<div data-elementor-type=\"wp-page\" data-elementor-id=\"66\" class=\"elementor elementor-66\">\n\t\t\t\t<div class=\"elementor-element elementor-element-a439aeb e-flex e-con-boxed e-con e-parent\" data-id=\"a439aeb\" data-element_type=\"container\">\n\t\t\t\t\t<div class=\"e-con-inner\">\n\t\t\t\t<div class=\"elementor-element elementor-element-5bea2f4 elementor-widget elementor-widget-text-editor\" data-id=\"5bea2f4\" data-element_type=\"widget\" data-widget_type=\"text-editor.default\">\n\t\t\t\t<div class=\"elementor-widget-container\">\n\t\t\t\t\t\t\t\t\t<p><strong>Licences Adultes au Racketlon Yonnais<\/strong><\/p><p>Le Racketlon Yonnais propose une compl\u00e8te, vous permettant d\u2019acc\u00e9der \u00e0 des entra\u00eenements vari\u00e9s et de participer aux comp\u00e9titions nationales !<\/p><p><strong>\ud83d\udcb3 Adh\u00e9sion Racketlon Adultes<\/strong><\/p><p>\ud83d\udccc <strong>Tarif : <\/strong>170\u20ac pour la saison<\/p><p>\u2705 <strong>Ce que comprend votre cotisation :<\/strong><\/p><p>\ud83d\udd39 <strong>Entra\u00eenements encadr\u00e9s :<\/strong><\/p><ul><li><strong>Vendredi semaine 1 | 19h30 &#8211; 21h30<\/strong> : <strong>Tennis de table &amp; Squash<\/strong> (<em>Attention, modification des disciplines<\/em>)<\/li><li><strong>Vendredi semaine 2 | 19h30 &#8211; 21h30<\/strong> : <strong>Badminton &amp; Tennis<\/strong> (<em>Attention, modification des disciplines<\/em>)<\/li><\/ul><p>\ud83d\udd39 <strong>Acc\u00e8s aux entra\u00eenements libres :<\/strong><\/p><ul><li><strong>Lundi | 19h00 &#8211; 20h30<\/strong> : <strong>Squash<\/strong> (2 terrains \u00e0 disposition)<\/li><li><strong>Mercredi | 19h30 &#8211; 21h<\/strong> : <strong>Tennis de table<\/strong><\/li><\/ul><p>\ud83d\udd39 <strong>Comp\u00e9tition &amp; Licence :<\/strong><\/p><ul><li>Licence Racketlon France incluse, permettant de participer aux tournois nationaux et de repr\u00e9senter le club !<\/li><\/ul><p><strong>\ud83c\udfbe Option Pickleball <\/strong><strong>\ud83c\udfbe<\/strong><\/p><p>Envie de d\u00e9couvrir une nouvelle discipline ? Nous proposons une option Pickleball pour 30\u20ac suppl\u00e9mentaires.<\/p><p>\ud83d\udccc <strong>Entra\u00eenement Pickleball :<\/strong><\/p><ul><li><strong>Jeudi | 18h30 &#8211; 20h<\/strong> \ud83c\udfd3\ud83c\udfbe<\/li><\/ul><p><strong>\ud83c\udf81 2 S\u00e9ances d&#8217;Essai &amp; Mat\u00e9riel Fourni !<\/strong><\/p><p><br \/>\u27a1\ufe0f <strong>Nous vous offrons deux s\u00e9ances d\u2019essai<\/strong> pour d\u00e9couvrir les entra\u00eenements et l\u2019ambiance du club.<br \/>\u27a1\ufe0f <strong>Tout le mat\u00e9riel est pr\u00eat\u00e9<\/strong> si besoin (raquettes, balles, volants\u2026).<\/p>\t\t\t\t\t\t\t\t<\/div>\n\t\t\t\t<\/div>\n\t\t\t\t\t<\/div>\n\t\t\t\t<\/div>\n\t\t\t\t<\/div>\n\t\t","protected":false},"excerpt":{"rendered":"<p>Licences Adultes au Racketlon Yonnais Le Racketlon Yonnais propose une compl\u00e8te, vous permettant d\u2019acc\u00e9der \u00e0 des entra\u00eenements vari\u00e9s et de participer aux comp\u00e9titions nationales ! \ud83d\udcb3 Adh\u00e9sion Racketlon Adultes \ud83d\udccc Tarif : 170\u20ac pour la saison \u2705 Ce que comprend votre cotisation : \ud83d\udd39 Entra\u00eenements encadr\u00e9s : Vendredi semaine 1 | 19h30 &#8211; 21h30 : &hellip; <\/p>\n<p class=\"link-more\"><a href=\"https:\/\/racketlonyonnais.fr\/?page_id=66\" class=\"more-link\">Read more<span class=\"screen-reader-text\"> &#8220;Licences adultes&#8221;<\/span><\/a><\/p>\n","protected":false},"author":1,"featured_media":0,"parent":0,"menu_order":0,"comment_status":"closed","ping_status":"closed","template":"","meta":{"footnotes":""},"class_list":["post-66","page","type-page","status-publish","hentry"],"_links":{"self":[{"href":"https:\/\/racketlonyonnais.fr\/index.php?rest_route=\/wp\/v2\/pages\/66","targetHints":{"allow":["GET"]}}],"collection":[{"href":"https:\/\/racketlonyonnais.fr\/index.php?rest_route=\/wp\/v2\/pages"}],"about":[{"href":"https:\/\/racketlonyonnais.fr\/index.php?rest_route=\/wp\/v2\/types\/page"}],"author":[{"embeddable":true,"href":"https:\/\/racketlonyonnais.fr\/index.php?rest_route=\/wp\/v2\/users\/1"}],"replies":[{"embeddable":true,"href":"https:\/\/racketlonyonnais.fr\/index.php?rest_route=%2Fwp%2Fv2%2Fcomments&post=66"}],"version-history":[{"count":4,"href":"https:\/\/racketlonyonnais.fr\/index.php?rest_route=\/wp\/v2\/pages\/66\/revisions"}],"predecessor-version":[{"id":406,"href":"https:\/\/racketlonyonnais.fr\/index.php?rest_route=\/wp\/v2\/pages\/66\/revisions\/406"}],"wp:attachment":[{"href":"https:\/\/racketlonyonnais.fr\/index.php?rest_route=%2Fwp%2Fv2%2Fmedia&parent=66"}],"curies":[{"name":"wp","href":"https:\/\/api.w.org\/{rel}","templated":true}]}}