{"id":70,"date":"2025-03-19T15:57:52","date_gmt":"2025-03-19T14:57:52","guid":{"rendered":"http:\/\/racketlonyonnais.fr\/?page_id=70"},"modified":"2025-06-02T17:48:30","modified_gmt":"2025-06-02T15:48:30","slug":"licence-enfant","status":"publish","type":"page","link":"https:\/\/racketlonyonnais.fr\/?page_id=70","title":{"rendered":"Licence enfant"},"content":{"rendered":"\t\t<div data-elementor-type=\"wp-page\" data-elementor-id=\"70\" class=\"elementor elementor-70\">\n\t\t\t\t<div class=\"elementor-element elementor-element-408a3bb e-flex e-con-boxed e-con e-parent\" data-id=\"408a3bb\" data-element_type=\"container\">\n\t\t\t\t\t<div class=\"e-con-inner\">\n\t\t\t\t<div class=\"elementor-element elementor-element-40ae215 elementor-widget elementor-widget-text-editor\" data-id=\"40ae215\" data-element_type=\"widget\" data-widget_type=\"text-editor.default\">\n\t\t\t\t<div class=\"elementor-widget-container\">\n\t\t\t\t\t\t\t\t\t<p><strong>Licences Jeunes au Racketlon Yonnais <\/strong><\/p><p>Le Racketlon Yonnais accueille les jeunes de 7 \u00e0 15 ans souhaitant d\u00e9couvrir et pratiquer les quatre sports de raquette. Nos entra\u00eenements sont adapt\u00e9s \u00e0 tous les niveaux, permettant \u00e0 chacun de progresser \u00e0 son rythme !<\/p><p><strong>\ud83d\udcb3 Adh\u00e9sion Racketlon Jeunes (7-15 ans)<\/strong><\/p><p>\ud83d\udccc <strong>Tarif : <\/strong>130\u20ac pour la saison<\/p><p>\u2705 <strong>Ce que comprend votre cotisation : <\/strong><\/p><p>\ud83d\udd39 <strong>Entra\u00eenements encadr\u00e9s :<\/strong><\/p><ul><li><strong>Mardi semaine 1 | 17h30 &#8211; 19h00<\/strong> : <strong>Badminton &amp; Tennis de Table<\/strong><\/li><li><strong>Mardi semaine 2 | 17h30 &#8211; 19h00<\/strong> : <strong>Squash &amp; Tennis<\/strong><\/li><\/ul><p>\ud83d\udd39 <strong>Entra\u00eenement suppl\u00e9mentaire :<\/strong><\/p><ul><li><strong>Mercredi apr\u00e8s-midi<\/strong> : <strong>S\u00e9ance de squash<\/strong>\u00a0<\/li><\/ul><p>\ud83d\udd39 <strong>Comp\u00e9tition &amp; Licence :<\/strong><\/p><ul><li>Licence Racketlon France incluse, permettant de participer aux tournois nationaux et de repr\u00e9senter le club !<\/li><\/ul>\t\t\t\t\t\t\t\t<\/div>\n\t\t\t\t<\/div>\n\t\t\t\t\t<\/div>\n\t\t\t\t<\/div>\n\t\t\t\t<\/div>\n\t\t","protected":false},"excerpt":{"rendered":"<p>Licences Jeunes au Racketlon Yonnais Le Racketlon Yonnais accueille les jeunes de 7 \u00e0 15 ans souhaitant d\u00e9couvrir et pratiquer les quatre sports de raquette. Nos entra\u00eenements sont adapt\u00e9s \u00e0 tous les niveaux, permettant \u00e0 chacun de progresser \u00e0 son rythme ! \ud83d\udcb3 Adh\u00e9sion Racketlon Jeunes (7-15 ans) \ud83d\udccc Tarif : 130\u20ac pour la saison &hellip; <\/p>\n<p class=\"link-more\"><a href=\"https:\/\/racketlonyonnais.fr\/?page_id=70\" class=\"more-link\">Read more<span class=\"screen-reader-text\"> &#8220;Licence enfant&#8221;<\/span><\/a><\/p>\n","protected":false},"author":1,"featured_media":0,"parent":0,"menu_order":0,"comment_status":"closed","ping_status":"closed","template":"","meta":{"footnotes":""},"class_list":["post-70","page","type-page","status-publish","hentry"],"_links":{"self":[{"href":"https:\/\/racketlonyonnais.fr\/index.php?rest_route=\/wp\/v2\/pages\/70","targetHints":{"allow":["GET"]}}],"collection":[{"href":"https:\/\/racketlonyonnais.fr\/index.php?rest_route=\/wp\/v2\/pages"}],"about":[{"href":"https:\/\/racketlonyonnais.fr\/index.php?rest_route=\/wp\/v2\/types\/page"}],"author":[{"embeddable":true,"href":"https:\/\/racketlonyonnais.fr\/index.php?rest_route=\/wp\/v2\/users\/1"}],"replies":[{"embeddable":true,"href":"https:\/\/racketlonyonnais.fr\/index.php?rest_route=%2Fwp%2Fv2%2Fcomments&post=70"}],"version-history":[{"count":4,"href":"https:\/\/racketlonyonnais.fr\/index.php?rest_route=\/wp\/v2\/pages\/70\/revisions"}],"predecessor-version":[{"id":409,"href":"https:\/\/racketlonyonnais.fr\/index.php?rest_route=\/wp\/v2\/pages\/70\/revisions\/409"}],"wp:attachment":[{"href":"https:\/\/racketlonyonnais.fr\/index.php?rest_route=%2Fwp%2Fv2%2Fmedia&parent=70"}],"curies":[{"name":"wp","href":"https:\/\/api.w.org\/{rel}","templated":true}]}}